{"id":4319,"date":"2016-11-06T19:43:58","date_gmt":"2016-11-06T19:43:58","guid":{"rendered":"http:\/\/www.sisustusvimma.fi\/?page_id=4319"},"modified":"2022-04-29T08:36:57","modified_gmt":"2022-04-29T05:36:57","slug":"front-page","status":"publish","type":"page","link":"https:\/\/www.sisustusvimma.fi\/en\/","title":{"rendered":"Front page"},"content":{"rendered":"<div class=\"wpb-content-wrapper\"><p>[vc_row full_width=&#8221;stretch_row_content_no_spaces&#8221; equal_height=&#8221;yes&#8221; content_text_aligment=&#8221;&#8221; use_row_as_full_screen_section=&#8221;no&#8221;][vc_column][vc_single_image image=&#8221;5491&#8243; img_size=&#8221;full&#8221; alignment=&#8221;center&#8221;][\/vc_column][\/vc_row][vc_row full_width=&#8221;stretch_row_content_no_spaces&#8221; content_text_aligment=&#8221;&#8221; use_row_as_full_screen_section=&#8221;no&#8221; css=&#8221;.vc_custom_1488643747966{padding-top: 40px !important;padding-right: 5% !important;padding-bottom: 60px !important;padding-left: 5% !important;background-color: #e2e2e2 !important;}&#8221;][vc_column][vc_column_text css=&#8221;.vc_custom_1488643286064{padding-right: 10% !important;padding-left: 10% !important;}&#8221;]<\/p>\n<h1>Interior designer Sisustusvimma<\/h1>\n<p><strong><a href=\"https:\/\/www.sisustusvimma.fi\/en\/interior-design-services\/home-interior-design-services\/\">We provide interior design services for home builders, home renovators and home or cottage interior decorators in Helsinki area.<\/a><\/strong><\/p>\n<p><strong><a href=\"https:\/\/www.sisustusvimma.fi\/en\/interior-design-services\/interior-design-services-for-business\/\">In addition we serve business clients by producing high quality office and retail space interior design services.<\/a><\/strong><\/p>\n<p>Together we will find for you the perfect interior design solution to improve the functionality and comfortability of your home or enhancing your business location&#8217;s look and feel. We offer tailored solutions and by using our services you will receive a beautiful and functional new interior design. We can also assist you in implementation of the design.<\/p>\n<p>Book a meeting and we will make you an offer on an interior design project![\/vc_column_text][\/vc_column][\/vc_row][vc_row content_placement=&#8221;middle&#8221; content_text_aligment=&#8221;&#8221; use_row_as_full_screen_section=&#8221;no&#8221;][vc_column][vc_column_text]<\/p>\n<p style=\"text-align: center;\">\n<div id=\"sb_instagram\"  class=\"sbi sbi_mob_col_1 sbi_tab_col_2 sbi_col_3\" style=\"padding-bottom: 40px; width: 100%;\"\t data-feedid=\"*1\"  data-res=\"auto\" data-cols=\"3\" data-colsmobile=\"1\" data-colstablet=\"2\" data-num=\"3\" data-nummobile=\"\" data-item-padding=\"20\"\t data-shortcode-atts=\"{&quot;feed&quot;:&quot;1&quot;}\"  data-postid=\"4319\" data-locatornonce=\"3220a20b30\" data-imageaspectratio=\"1:1\" data-sbi-flags=\"favorLocal\">\n\t<div class=\"sb_instagram_header \"   >\n\t<a class=\"sbi_header_link\" target=\"_blank\"\n\t   rel=\"nofollow noopener\" href=\"https:\/\/www.instagram.com\/sisustusvimma\/\" title=\"@sisustusvimma\">\n\t\t<div class=\"sbi_header_text sbi_no_bio\">\n\t\t\t<div class=\"sbi_header_img\"  data-avatar-url=\"https:\/\/scontent-hel3-1.xx.fbcdn.net\/v\/t51.2885-15\/307834204_1105058893472021_3478645016172422181_n.jpg?_nc_cat=108&amp;ccb=1-7&amp;_nc_sid=7d201b&amp;_nc_ohc=fEgyy1Vzx58Q7kNvwF5sl6I&amp;_nc_oc=AdrClF_x1XZh3nqB_LRasY7IOFUc9LijSS7Dm_6ubBBgDZDHdjcOQcm7akEEqgXHTsk&amp;_nc_zt=23&amp;_nc_ht=scontent-hel3-1.xx&amp;edm=AL-3X8kEAAAA&amp;oh=00_Af2_zHqho3N5a1VD-6PqkbiROg5LLkI18Keh84ufzXaxLA&amp;oe=69F71553\">\n\t\t\t\t\t\t\t\t\t<div class=\"sbi_header_img_hover\"  ><svg class=\"sbi_new_logo fa-instagram fa-w-14\" aria-hidden=\"true\" data-fa-processed=\"\" aria-label=\"Instagram\" data-prefix=\"fab\" data-icon=\"instagram\" role=\"img\" viewBox=\"0 0 448 512\">\n                    <path fill=\"currentColor\" d=\"M224.1 141c-63.6 0-114.9 51.3-114.9 114.9s51.3 114.9 114.9 114.9S339 319.5 339 255.9 287.7 141 224.1 141zm0 189.6c-41.1 0-74.7-33.5-74.7-74.7s33.5-74.7 74.7-74.7 74.7 33.5 74.7 74.7-33.6 74.7-74.7 74.7zm146.4-194.3c0 14.9-12 26.8-26.8 26.8-14.9 0-26.8-12-26.8-26.8s12-26.8 26.8-26.8 26.8 12 26.8 26.8zm76.1 27.2c-1.7-35.9-9.9-67.7-36.2-93.9-26.2-26.2-58-34.4-93.9-36.2-37-2.1-147.9-2.1-184.9 0-35.8 1.7-67.6 9.9-93.9 36.1s-34.4 58-36.2 93.9c-2.1 37-2.1 147.9 0 184.9 1.7 35.9 9.9 67.7 36.2 93.9s58 34.4 93.9 36.2c37 2.1 147.9 2.1 184.9 0 35.9-1.7 67.7-9.9 93.9-36.2 26.2-26.2 34.4-58 36.2-93.9 2.1-37 2.1-147.8 0-184.8zM398.8 388c-7.8 19.6-22.9 34.7-42.6 42.6-29.5 11.7-99.5 9-132.1 9s-102.7 2.6-132.1-9c-19.6-7.8-34.7-22.9-42.6-42.6-11.7-29.5-9-99.5-9-132.1s-2.6-102.7 9-132.1c7.8-19.6 22.9-34.7 42.6-42.6 29.5-11.7 99.5-9 132.1-9s102.7-2.6 132.1 9c19.6 7.8 34.7 22.9 42.6 42.6 11.7 29.5 9 99.5 9 132.1s2.7 102.7-9 132.1z\"><\/path>\n                <\/svg><\/div>\n\t\t\t\t\t<img loading=\"lazy\" decoding=\"async\"  src=\"https:\/\/www.sisustusvimma.fi\/wp-content\/uploads\/sb-instagram-feed-images\/sisustusvimma.webp\" alt=\"\" width=\"50\" height=\"50\">\n\t\t\t\t\n\t\t\t\t\t\t\t<\/div>\n\n\t\t\t<div class=\"sbi_feedtheme_header_text\">\n\t\t\t\t<h3>sisustusvimma<\/h3>\n\t\t\t\t\t\t\t<\/div>\n\t\t<\/div>\n\t<\/a>\n<\/div>\n\n\t<div id=\"sbi_images\"  style=\"gap: 40px;\">\n\t\t<div class=\"sbi_item sbi_type_carousel sbi_new sbi_transition\"\n\tid=\"sbi_18079361441435272\" data-date=\"1775576105\">\n\t<div class=\"sbi_photo_wrap\">\n\t\t<a class=\"sbi_photo\" href=\"https:\/\/www.instagram.com\/p\/DW1e5RQDXm5\/\" target=\"_blank\" rel=\"noopener nofollow\"\n\t\t\tdata-full-res=\"https:\/\/scontent-hel3-1.cdninstagram.com\/v\/t51.82787-15\/661688184_18572793193040301_1049544837051362474_n.jpg?stp=dst-jpg_e35_tt6&#038;_nc_cat=102&#038;ccb=7-5&#038;_nc_sid=18de74&#038;efg=eyJlZmdfdGFnIjoiQ0FST1VTRUxfSVRFTS5iZXN0X2ltYWdlX3VybGdlbi5DMyJ9&#038;_nc_ohc=KFFbxX7yJ6sQ7kNvwEJbz1p&#038;_nc_oc=AdrUrJ0q8KACPqkK3Df12qUg6b7o5Jnj23lk263-gl3eC_ByLWFkD_c1g5og7UOHDM8&#038;_nc_zt=23&#038;_nc_ht=scontent-hel3-1.cdninstagram.com&#038;edm=AM6HXa8EAAAA&#038;_nc_gid=DgePfYycJMG5yZ7WbiPx4w&#038;oh=00_Af0vVuFoAg4p0hgrwpUXgv3n4fCfg0szXfGEMsUq9IF-ww&#038;oe=69F6E9E0\"\n\t\t\tdata-img-src-set=\"{&quot;d&quot;:&quot;https:\\\/\\\/scontent-hel3-1.cdninstagram.com\\\/v\\\/t51.82787-15\\\/661688184_18572793193040301_1049544837051362474_n.jpg?stp=dst-jpg_e35_tt6&amp;_nc_cat=102&amp;ccb=7-5&amp;_nc_sid=18de74&amp;efg=eyJlZmdfdGFnIjoiQ0FST1VTRUxfSVRFTS5iZXN0X2ltYWdlX3VybGdlbi5DMyJ9&amp;_nc_ohc=KFFbxX7yJ6sQ7kNvwEJbz1p&amp;_nc_oc=AdrUrJ0q8KACPqkK3Df12qUg6b7o5Jnj23lk263-gl3eC_ByLWFkD_c1g5og7UOHDM8&amp;_nc_zt=23&amp;_nc_ht=scontent-hel3-1.cdninstagram.com&amp;edm=AM6HXa8EAAAA&amp;_nc_gid=DgePfYycJMG5yZ7WbiPx4w&amp;oh=00_Af0vVuFoAg4p0hgrwpUXgv3n4fCfg0szXfGEMsUq9IF-ww&amp;oe=69F6E9E0&quot;,&quot;150&quot;:&quot;https:\\\/\\\/scontent-hel3-1.cdninstagram.com\\\/v\\\/t51.82787-15\\\/661688184_18572793193040301_1049544837051362474_n.jpg?stp=dst-jpg_e35_tt6&amp;_nc_cat=102&amp;ccb=7-5&amp;_nc_sid=18de74&amp;efg=eyJlZmdfdGFnIjoiQ0FST1VTRUxfSVRFTS5iZXN0X2ltYWdlX3VybGdlbi5DMyJ9&amp;_nc_ohc=KFFbxX7yJ6sQ7kNvwEJbz1p&amp;_nc_oc=AdrUrJ0q8KACPqkK3Df12qUg6b7o5Jnj23lk263-gl3eC_ByLWFkD_c1g5og7UOHDM8&amp;_nc_zt=23&amp;_nc_ht=scontent-hel3-1.cdninstagram.com&amp;edm=AM6HXa8EAAAA&amp;_nc_gid=DgePfYycJMG5yZ7WbiPx4w&amp;oh=00_Af0vVuFoAg4p0hgrwpUXgv3n4fCfg0szXfGEMsUq9IF-ww&amp;oe=69F6E9E0&quot;,&quot;320&quot;:&quot;https:\\\/\\\/scontent-hel3-1.cdninstagram.com\\\/v\\\/t51.82787-15\\\/661688184_18572793193040301_1049544837051362474_n.jpg?stp=dst-jpg_e35_tt6&amp;_nc_cat=102&amp;ccb=7-5&amp;_nc_sid=18de74&amp;efg=eyJlZmdfdGFnIjoiQ0FST1VTRUxfSVRFTS5iZXN0X2ltYWdlX3VybGdlbi5DMyJ9&amp;_nc_ohc=KFFbxX7yJ6sQ7kNvwEJbz1p&amp;_nc_oc=AdrUrJ0q8KACPqkK3Df12qUg6b7o5Jnj23lk263-gl3eC_ByLWFkD_c1g5og7UOHDM8&amp;_nc_zt=23&amp;_nc_ht=scontent-hel3-1.cdninstagram.com&amp;edm=AM6HXa8EAAAA&amp;_nc_gid=DgePfYycJMG5yZ7WbiPx4w&amp;oh=00_Af0vVuFoAg4p0hgrwpUXgv3n4fCfg0szXfGEMsUq9IF-ww&amp;oe=69F6E9E0&quot;,&quot;640&quot;:&quot;https:\\\/\\\/scontent-hel3-1.cdninstagram.com\\\/v\\\/t51.82787-15\\\/661688184_18572793193040301_1049544837051362474_n.jpg?stp=dst-jpg_e35_tt6&amp;_nc_cat=102&amp;ccb=7-5&amp;_nc_sid=18de74&amp;efg=eyJlZmdfdGFnIjoiQ0FST1VTRUxfSVRFTS5iZXN0X2ltYWdlX3VybGdlbi5DMyJ9&amp;_nc_ohc=KFFbxX7yJ6sQ7kNvwEJbz1p&amp;_nc_oc=AdrUrJ0q8KACPqkK3Df12qUg6b7o5Jnj23lk263-gl3eC_ByLWFkD_c1g5og7UOHDM8&amp;_nc_zt=23&amp;_nc_ht=scontent-hel3-1.cdninstagram.com&amp;edm=AM6HXa8EAAAA&amp;_nc_gid=DgePfYycJMG5yZ7WbiPx4w&amp;oh=00_Af0vVuFoAg4p0hgrwpUXgv3n4fCfg0szXfGEMsUq9IF-ww&amp;oe=69F6E9E0&quot;}\">\n\t\t\t<span class=\"sbi-screenreader\">Casa Gessi London \n\nVierailu Gessin -showroomissa <\/span>\n\t\t\t<svg class=\"svg-inline--fa fa-clone fa-w-16 sbi_lightbox_carousel_icon\" aria-hidden=\"true\" aria-label=\"Clone\" data-fa-pro\u0192cessed=\"\" data-prefix=\"far\" data-icon=\"clone\" role=\"img\" xmlns=\"http:\/\/www.w3.org\/2000\/svg\" viewBox=\"0 0 512 512\">\n                    <path fill=\"currentColor\" d=\"M464 0H144c-26.51 0-48 21.49-48 48v48H48c-26.51 0-48 21.49-48 48v320c0 26.51 21.49 48 48 48h320c26.51 0 48-21.49 48-48v-48h48c26.51 0 48-21.49 48-48V48c0-26.51-21.49-48-48-48zM362 464H54a6 6 0 0 1-6-6V150a6 6 0 0 1 6-6h42v224c0 26.51 21.49 48 48 48h224v42a6 6 0 0 1-6 6zm96-96H150a6 6 0 0 1-6-6V54a6 6 0 0 1 6-6h308a6 6 0 0 1 6 6v308a6 6 0 0 1-6 6z\"><\/path>\n                <\/svg>\t\t\t\t\t\t<img decoding=\"async\" src=\"https:\/\/www.sisustusvimma.fi\/wp-content\/plugins\/instagram-feed\/img\/placeholder.png\" alt=\"Casa Gessi London \n\nVierailu Gessin -showroomissa oli el\u00e4mys, joka muistutti taas siit\u00e4, miten vahvasti tila ja arkkitehtuuri lis\u00e4\u00e4 tuotteen vaikuttavuutta. \n\nEntinen Court House luo ainutlaatuisen ymp\u00e4rist\u00f6n ja kontrastin italialaisen Gessin upeille uniikeille hanoille. Hanamallistot on sijoitettu entisiin vankilaselleihin tavalla, joka tekee esillepanosta l\u00e4hes museaalisen kokemuksen. \n\n#casagessilondon \n#gessi\n#showroomdesign\n#sisustussuunnittelijatsiry\" aria-hidden=\"true\">\n\t\t<\/a>\n\t<\/div>\n<\/div><div class=\"sbi_item sbi_type_carousel sbi_new sbi_transition\"\n\tid=\"sbi_17910288705184321\" data-date=\"1775042403\">\n\t<div class=\"sbi_photo_wrap\">\n\t\t<a class=\"sbi_photo\" href=\"https:\/\/www.instagram.com\/p\/DWlk8G_jTeX\/\" target=\"_blank\" rel=\"noopener nofollow\"\n\t\t\tdata-full-res=\"https:\/\/scontent-hel3-1.cdninstagram.com\/v\/t51.82787-15\/661064018_18571253299040301_6619117668752269557_n.jpg?stp=dst-jpg_e35_tt6&#038;_nc_cat=102&#038;ccb=7-5&#038;_nc_sid=18de74&#038;efg=eyJlZmdfdGFnIjoiQ0FST1VTRUxfSVRFTS5iZXN0X2ltYWdlX3VybGdlbi5DMyJ9&#038;_nc_ohc=K-0ze2uYP-QQ7kNvwHKMKNx&#038;_nc_oc=AdouLh10NHgsYg9plEtU-mBu2omxGFXisCeP7ySVxWhhyHDLlS0sl3zTWcAGl1HJnnc&#038;_nc_zt=23&#038;_nc_ht=scontent-hel3-1.cdninstagram.com&#038;edm=AM6HXa8EAAAA&#038;_nc_gid=DgePfYycJMG5yZ7WbiPx4w&#038;oh=00_Af0hKbI-0TWG9R2eJDYjANbsrR83_UXGphiYa7d1SZL0jQ&#038;oe=69F6FBF4\"\n\t\t\tdata-img-src-set=\"{&quot;d&quot;:&quot;https:\\\/\\\/scontent-hel3-1.cdninstagram.com\\\/v\\\/t51.82787-15\\\/661064018_18571253299040301_6619117668752269557_n.jpg?stp=dst-jpg_e35_tt6&amp;_nc_cat=102&amp;ccb=7-5&amp;_nc_sid=18de74&amp;efg=eyJlZmdfdGFnIjoiQ0FST1VTRUxfSVRFTS5iZXN0X2ltYWdlX3VybGdlbi5DMyJ9&amp;_nc_ohc=K-0ze2uYP-QQ7kNvwHKMKNx&amp;_nc_oc=AdouLh10NHgsYg9plEtU-mBu2omxGFXisCeP7ySVxWhhyHDLlS0sl3zTWcAGl1HJnnc&amp;_nc_zt=23&amp;_nc_ht=scontent-hel3-1.cdninstagram.com&amp;edm=AM6HXa8EAAAA&amp;_nc_gid=DgePfYycJMG5yZ7WbiPx4w&amp;oh=00_Af0hKbI-0TWG9R2eJDYjANbsrR83_UXGphiYa7d1SZL0jQ&amp;oe=69F6FBF4&quot;,&quot;150&quot;:&quot;https:\\\/\\\/scontent-hel3-1.cdninstagram.com\\\/v\\\/t51.82787-15\\\/661064018_18571253299040301_6619117668752269557_n.jpg?stp=dst-jpg_e35_tt6&amp;_nc_cat=102&amp;ccb=7-5&amp;_nc_sid=18de74&amp;efg=eyJlZmdfdGFnIjoiQ0FST1VTRUxfSVRFTS5iZXN0X2ltYWdlX3VybGdlbi5DMyJ9&amp;_nc_ohc=K-0ze2uYP-QQ7kNvwHKMKNx&amp;_nc_oc=AdouLh10NHgsYg9plEtU-mBu2omxGFXisCeP7ySVxWhhyHDLlS0sl3zTWcAGl1HJnnc&amp;_nc_zt=23&amp;_nc_ht=scontent-hel3-1.cdninstagram.com&amp;edm=AM6HXa8EAAAA&amp;_nc_gid=DgePfYycJMG5yZ7WbiPx4w&amp;oh=00_Af0hKbI-0TWG9R2eJDYjANbsrR83_UXGphiYa7d1SZL0jQ&amp;oe=69F6FBF4&quot;,&quot;320&quot;:&quot;https:\\\/\\\/scontent-hel3-1.cdninstagram.com\\\/v\\\/t51.82787-15\\\/661064018_18571253299040301_6619117668752269557_n.jpg?stp=dst-jpg_e35_tt6&amp;_nc_cat=102&amp;ccb=7-5&amp;_nc_sid=18de74&amp;efg=eyJlZmdfdGFnIjoiQ0FST1VTRUxfSVRFTS5iZXN0X2ltYWdlX3VybGdlbi5DMyJ9&amp;_nc_ohc=K-0ze2uYP-QQ7kNvwHKMKNx&amp;_nc_oc=AdouLh10NHgsYg9plEtU-mBu2omxGFXisCeP7ySVxWhhyHDLlS0sl3zTWcAGl1HJnnc&amp;_nc_zt=23&amp;_nc_ht=scontent-hel3-1.cdninstagram.com&amp;edm=AM6HXa8EAAAA&amp;_nc_gid=DgePfYycJMG5yZ7WbiPx4w&amp;oh=00_Af0hKbI-0TWG9R2eJDYjANbsrR83_UXGphiYa7d1SZL0jQ&amp;oe=69F6FBF4&quot;,&quot;640&quot;:&quot;https:\\\/\\\/scontent-hel3-1.cdninstagram.com\\\/v\\\/t51.82787-15\\\/661064018_18571253299040301_6619117668752269557_n.jpg?stp=dst-jpg_e35_tt6&amp;_nc_cat=102&amp;ccb=7-5&amp;_nc_sid=18de74&amp;efg=eyJlZmdfdGFnIjoiQ0FST1VTRUxfSVRFTS5iZXN0X2ltYWdlX3VybGdlbi5DMyJ9&amp;_nc_ohc=K-0ze2uYP-QQ7kNvwHKMKNx&amp;_nc_oc=AdouLh10NHgsYg9plEtU-mBu2omxGFXisCeP7ySVxWhhyHDLlS0sl3zTWcAGl1HJnnc&amp;_nc_zt=23&amp;_nc_ht=scontent-hel3-1.cdninstagram.com&amp;edm=AM6HXa8EAAAA&amp;_nc_gid=DgePfYycJMG5yZ7WbiPx4w&amp;oh=00_Af0hKbI-0TWG9R2eJDYjANbsrR83_UXGphiYa7d1SZL0jQ&amp;oe=69F6FBF4&quot;}\">\n\t\t\t<span class=\"sbi-screenreader\">Nautimme taannoin illallista @sisustussuunnittelij<\/span>\n\t\t\t<svg class=\"svg-inline--fa fa-clone fa-w-16 sbi_lightbox_carousel_icon\" aria-hidden=\"true\" aria-label=\"Clone\" data-fa-pro\u0192cessed=\"\" data-prefix=\"far\" data-icon=\"clone\" role=\"img\" xmlns=\"http:\/\/www.w3.org\/2000\/svg\" viewBox=\"0 0 512 512\">\n                    <path fill=\"currentColor\" d=\"M464 0H144c-26.51 0-48 21.49-48 48v48H48c-26.51 0-48 21.49-48 48v320c0 26.51 21.49 48 48 48h320c26.51 0 48-21.49 48-48v-48h48c26.51 0 48-21.49 48-48V48c0-26.51-21.49-48-48-48zM362 464H54a6 6 0 0 1-6-6V150a6 6 0 0 1 6-6h42v224c0 26.51 21.49 48 48 48h224v42a6 6 0 0 1-6 6zm96-96H150a6 6 0 0 1-6-6V54a6 6 0 0 1 6-6h308a6 6 0 0 1 6 6v308a6 6 0 0 1-6 6z\"><\/path>\n                <\/svg>\t\t\t\t\t\t<img decoding=\"async\" src=\"https:\/\/www.sisustusvimma.fi\/wp-content\/plugins\/instagram-feed\/img\/placeholder.png\" alt=\"Nautimme taannoin illallista @sisustussuunnittelijat kanssa Rails ravintolassa King\u2019s Cross aseman vieress\u00e4. Ruoka oli mahtavaa, mutta enemm\u00e4n mieleeni j\u00e4i paikan tunnelma ja upea valaistus. Mietin ravintolan toimeksiantoa valaistus- tai sisustussuunnittelijan n\u00e4k\u00f6kulmasta. Varmaan ihan hyv\u00e4 remonttibudjetti ollut k\u00e4ytett\u00e4viss\u00e4, kun vessak\u00e4yt\u00e4v\u00e4st\u00e4kin l\u00f6ytyy KAKSI muranolasista kruunua! \n\nToiset meist\u00e4 puolestaan analysoivat sein\u00e4maalin s\u00e4vy\u00e4! \ud83e\uddd0\ud83e\udd2d\nPaparazzina: @ilsejuola\" aria-hidden=\"true\">\n\t\t<\/a>\n\t<\/div>\n<\/div><div class=\"sbi_item sbi_type_carousel sbi_new sbi_transition\"\n\tid=\"sbi_17986980866793531\" data-date=\"1774358256\">\n\t<div class=\"sbi_photo_wrap\">\n\t\t<a class=\"sbi_photo\" href=\"https:\/\/www.instagram.com\/p\/DWRMCEtDaXa\/\" target=\"_blank\" rel=\"noopener nofollow\"\n\t\t\tdata-full-res=\"https:\/\/scontent-hel3-1.cdninstagram.com\/v\/t51.82787-15\/657204332_18568957108040301_2217179134267920958_n.jpg?stp=dst-jpg_e35_tt6&#038;_nc_cat=109&#038;ccb=7-5&#038;_nc_sid=18de74&#038;efg=eyJlZmdfdGFnIjoiQ0FST1VTRUxfSVRFTS5iZXN0X2ltYWdlX3VybGdlbi5DMyJ9&#038;_nc_ohc=IuWWT-vApiwQ7kNvwFkW7cS&#038;_nc_oc=AdqZBMXYCbeBO1czaFfK-XDodV-oL2Ux9JhZU-Ai2U9Y4VAs7Yajh2NxaxfL5U6_N6E&#038;_nc_zt=23&#038;_nc_ht=scontent-hel3-1.cdninstagram.com&#038;edm=AM6HXa8EAAAA&#038;_nc_gid=DgePfYycJMG5yZ7WbiPx4w&#038;oh=00_Af13qYmmnWEIcnuIRQv5I9bqQFxCNUypftDbIkhe8RMjnA&#038;oe=69F708E1\"\n\t\t\tdata-img-src-set=\"{&quot;d&quot;:&quot;https:\\\/\\\/scontent-hel3-1.cdninstagram.com\\\/v\\\/t51.82787-15\\\/657204332_18568957108040301_2217179134267920958_n.jpg?stp=dst-jpg_e35_tt6&amp;_nc_cat=109&amp;ccb=7-5&amp;_nc_sid=18de74&amp;efg=eyJlZmdfdGFnIjoiQ0FST1VTRUxfSVRFTS5iZXN0X2ltYWdlX3VybGdlbi5DMyJ9&amp;_nc_ohc=IuWWT-vApiwQ7kNvwFkW7cS&amp;_nc_oc=AdqZBMXYCbeBO1czaFfK-XDodV-oL2Ux9JhZU-Ai2U9Y4VAs7Yajh2NxaxfL5U6_N6E&amp;_nc_zt=23&amp;_nc_ht=scontent-hel3-1.cdninstagram.com&amp;edm=AM6HXa8EAAAA&amp;_nc_gid=DgePfYycJMG5yZ7WbiPx4w&amp;oh=00_Af13qYmmnWEIcnuIRQv5I9bqQFxCNUypftDbIkhe8RMjnA&amp;oe=69F708E1&quot;,&quot;150&quot;:&quot;https:\\\/\\\/scontent-hel3-1.cdninstagram.com\\\/v\\\/t51.82787-15\\\/657204332_18568957108040301_2217179134267920958_n.jpg?stp=dst-jpg_e35_tt6&amp;_nc_cat=109&amp;ccb=7-5&amp;_nc_sid=18de74&amp;efg=eyJlZmdfdGFnIjoiQ0FST1VTRUxfSVRFTS5iZXN0X2ltYWdlX3VybGdlbi5DMyJ9&amp;_nc_ohc=IuWWT-vApiwQ7kNvwFkW7cS&amp;_nc_oc=AdqZBMXYCbeBO1czaFfK-XDodV-oL2Ux9JhZU-Ai2U9Y4VAs7Yajh2NxaxfL5U6_N6E&amp;_nc_zt=23&amp;_nc_ht=scontent-hel3-1.cdninstagram.com&amp;edm=AM6HXa8EAAAA&amp;_nc_gid=DgePfYycJMG5yZ7WbiPx4w&amp;oh=00_Af13qYmmnWEIcnuIRQv5I9bqQFxCNUypftDbIkhe8RMjnA&amp;oe=69F708E1&quot;,&quot;320&quot;:&quot;https:\\\/\\\/scontent-hel3-1.cdninstagram.com\\\/v\\\/t51.82787-15\\\/657204332_18568957108040301_2217179134267920958_n.jpg?stp=dst-jpg_e35_tt6&amp;_nc_cat=109&amp;ccb=7-5&amp;_nc_sid=18de74&amp;efg=eyJlZmdfdGFnIjoiQ0FST1VTRUxfSVRFTS5iZXN0X2ltYWdlX3VybGdlbi5DMyJ9&amp;_nc_ohc=IuWWT-vApiwQ7kNvwFkW7cS&amp;_nc_oc=AdqZBMXYCbeBO1czaFfK-XDodV-oL2Ux9JhZU-Ai2U9Y4VAs7Yajh2NxaxfL5U6_N6E&amp;_nc_zt=23&amp;_nc_ht=scontent-hel3-1.cdninstagram.com&amp;edm=AM6HXa8EAAAA&amp;_nc_gid=DgePfYycJMG5yZ7WbiPx4w&amp;oh=00_Af13qYmmnWEIcnuIRQv5I9bqQFxCNUypftDbIkhe8RMjnA&amp;oe=69F708E1&quot;,&quot;640&quot;:&quot;https:\\\/\\\/scontent-hel3-1.cdninstagram.com\\\/v\\\/t51.82787-15\\\/657204332_18568957108040301_2217179134267920958_n.jpg?stp=dst-jpg_e35_tt6&amp;_nc_cat=109&amp;ccb=7-5&amp;_nc_sid=18de74&amp;efg=eyJlZmdfdGFnIjoiQ0FST1VTRUxfSVRFTS5iZXN0X2ltYWdlX3VybGdlbi5DMyJ9&amp;_nc_ohc=IuWWT-vApiwQ7kNvwFkW7cS&amp;_nc_oc=AdqZBMXYCbeBO1czaFfK-XDodV-oL2Ux9JhZU-Ai2U9Y4VAs7Yajh2NxaxfL5U6_N6E&amp;_nc_zt=23&amp;_nc_ht=scontent-hel3-1.cdninstagram.com&amp;edm=AM6HXa8EAAAA&amp;_nc_gid=DgePfYycJMG5yZ7WbiPx4w&amp;oh=00_Af13qYmmnWEIcnuIRQv5I9bqQFxCNUypftDbIkhe8RMjnA&amp;oe=69F708E1&quot;}\">\n\t\t\t<span class=\"sbi-screenreader\">Toinen hieno @sisustussuunnittelijat suunnittelija<\/span>\n\t\t\t<svg class=\"svg-inline--fa fa-clone fa-w-16 sbi_lightbox_carousel_icon\" aria-hidden=\"true\" aria-label=\"Clone\" data-fa-pro\u0192cessed=\"\" data-prefix=\"far\" data-icon=\"clone\" role=\"img\" xmlns=\"http:\/\/www.w3.org\/2000\/svg\" viewBox=\"0 0 512 512\">\n                    <path fill=\"currentColor\" d=\"M464 0H144c-26.51 0-48 21.49-48 48v48H48c-26.51 0-48 21.49-48 48v320c0 26.51 21.49 48 48 48h320c26.51 0 48-21.49 48-48v-48h48c26.51 0 48-21.49 48-48V48c0-26.51-21.49-48-48-48zM362 464H54a6 6 0 0 1-6-6V150a6 6 0 0 1 6-6h42v224c0 26.51 21.49 48 48 48h224v42a6 6 0 0 1-6 6zm96-96H150a6 6 0 0 1-6-6V54a6 6 0 0 1 6-6h308a6 6 0 0 1 6 6v308a6 6 0 0 1-6 6z\"><\/path>\n                <\/svg>\t\t\t\t\t\t<img decoding=\"async\" src=\"https:\/\/www.sisustusvimma.fi\/wp-content\/plugins\/instagram-feed\/img\/placeholder.png\" alt=\"Toinen hieno @sisustussuunnittelijat suunnittelijatapaaminen Tom Dixonilla! \ud83e\udd29 Tomin uratarina alussa meni minulta v\u00e4h\u00e4n ohi, koska pikkukoira kainalossa vei kaiken huomion. Tom Dixonin showroom -rakennuksessa sijaitsee my\u00f6s upea ravintola, jossa nautimme reissun parhaan \u201dpitk\u00e4n\u201d lounaan! Coal Drops Yard -alue, jolla Tom Dixon sijaitsee, on muutenkin n\u00e4kemisen arvoinen. \n\n3: Maestron potretin ikuisti @seija_killstrom\" aria-hidden=\"true\">\n\t\t<\/a>\n\t<\/div>\n<\/div>\t<\/div>\n\n\t<div id=\"sbi_load\" >\n\n\t\t\t<button class=\"sbi_load_btn\"\n\t\t\ttype=\"button\"  style=\"background: rgb(226,226,226);color: rgb(0,0,0);\">\n\t\t\t<span class=\"sbi_btn_text\" >Lataa lis\u00e4\u00e4...<\/span>\n\t\t\t<span class=\"sbi_loader sbi_hidden\" style=\"background-color: rgb(255, 255, 255);\" aria-hidden=\"true\"><\/span>\n\t\t<\/button>\n\t\n\t\t\t<span class=\"sbi_follow_btn sbi_custom\" >\n\t\t\t<a target=\"_blank\"\n\t\t\t\trel=\"nofollow noopener\"  href=\"https:\/\/www.instagram.com\/sisustusvimma\/\" style=\"background: rgb(226,226,226);color: rgb(0,0,0);\">\n\t\t\t\t<svg class=\"svg-inline--fa fa-instagram fa-w-14\" aria-hidden=\"true\" data-fa-processed=\"\" aria-label=\"Instagram\" data-prefix=\"fab\" data-icon=\"instagram\" role=\"img\" viewBox=\"0 0 448 512\">\n                    <path fill=\"currentColor\" d=\"M224.1 141c-63.6 0-114.9 51.3-114.9 114.9s51.3 114.9 114.9 114.9S339 319.5 339 255.9 287.7 141 224.1 141zm0 189.6c-41.1 0-74.7-33.5-74.7-74.7s33.5-74.7 74.7-74.7 74.7 33.5 74.7 74.7-33.6 74.7-74.7 74.7zm146.4-194.3c0 14.9-12 26.8-26.8 26.8-14.9 0-26.8-12-26.8-26.8s12-26.8 26.8-26.8 26.8 12 26.8 26.8zm76.1 27.2c-1.7-35.9-9.9-67.7-36.2-93.9-26.2-26.2-58-34.4-93.9-36.2-37-2.1-147.9-2.1-184.9 0-35.8 1.7-67.6 9.9-93.9 36.1s-34.4 58-36.2 93.9c-2.1 37-2.1 147.9 0 184.9 1.7 35.9 9.9 67.7 36.2 93.9s58 34.4 93.9 36.2c37 2.1 147.9 2.1 184.9 0 35.9-1.7 67.7-9.9 93.9-36.2 26.2-26.2 34.4-58 36.2-93.9 2.1-37 2.1-147.8 0-184.8zM398.8 388c-7.8 19.6-22.9 34.7-42.6 42.6-29.5 11.7-99.5 9-132.1 9s-102.7 2.6-132.1-9c-19.6-7.8-34.7-22.9-42.6-42.6-11.7-29.5-9-99.5-9-132.1s-2.6-102.7 9-132.1c7.8-19.6 22.9-34.7 42.6-42.6 29.5-11.7 99.5-9 132.1-9s102.7-2.6 132.1 9c19.6 7.8 34.7 22.9 42.6 42.6 11.7 29.5 9 99.5 9 132.1s2.7 102.7-9 132.1z\"><\/path>\n                <\/svg>\t\t\t\t<span>Seuraa Instagramissa<\/span>\n\t\t\t<\/a>\n\t\t<\/span>\n\t\n<\/div>\n\t\t<span class=\"sbi_resized_image_data\" data-feed-id=\"*1\"\n\t\t  data-resized=\"{&quot;17986980866793531&quot;:{&quot;id&quot;:&quot;657204332_18568957108040301_2217179134267920958_n&quot;,&quot;ratio&quot;:&quot;0.75&quot;,&quot;sizes&quot;:{&quot;full&quot;:640,&quot;low&quot;:320,&quot;thumb&quot;:150},&quot;extension&quot;:&quot;.webp&quot;},&quot;17910288705184321&quot;:{&quot;id&quot;:&quot;661064018_18571253299040301_6619117668752269557_n&quot;,&quot;ratio&quot;:&quot;0.75&quot;,&quot;sizes&quot;:{&quot;full&quot;:640,&quot;low&quot;:320,&quot;thumb&quot;:150},&quot;extension&quot;:&quot;.webp&quot;},&quot;18079361441435272&quot;:{&quot;id&quot;:&quot;661688184_18572793193040301_1049544837051362474_n&quot;,&quot;ratio&quot;:&quot;0.75&quot;,&quot;sizes&quot;:{&quot;full&quot;:640,&quot;low&quot;:320,&quot;thumb&quot;:150},&quot;extension&quot;:&quot;.webp&quot;}}\">\n\t<\/span>\n\t<\/div>\n<p>[\/vc_column_text][\/vc_column][\/vc_row]<\/p>\n<\/div>","protected":false},"excerpt":{"rendered":"<p>[vc_row full_width=&#8221;stretch_row_content_no_spaces&#8221; equal_height=&#8221;yes&#8221; content_text_aligment=&#8221;&#8221; use_row_as_full_screen_section=&#8221;no&#8221;][vc_column][vc_single_image image=&#8221;5491&#8243; img_size=&#8221;full&#8221; alignment=&#8221;center&#8221;][\/vc_column][\/vc_row][vc_row full_width=&#8221;stretch_row_content_no_spaces&#8221; content_text_aligment=&#8221;&#8221; use_row_as_full_screen_section=&#8221;no&#8221; css=&#8221;.vc_custom_1488643747966{padding-top: 40px !important;padding-right: 5% !important;padding-bottom: 60px !important;padding-left: 5% !important;background-color: #e2e2e2 !important;}&#8221;][vc_column][vc_column_text css=&#8221;.vc_custom_1488643286064{padding-right: 10% !important;padding-left: 10% !important;}&#8221;] Interior designer Sisustusvimma We provide interior design services for home builders, home renovators and home or cottage interior [&hellip;]<\/p>\n","protected":false},"author":1,"featured_media":0,"parent":0,"menu_order":1,"comment_status":"closed","ping_status":"closed","template":"","meta":{"footnotes":""},"class_list":["post-4319","page","type-page","status-publish","hentry"],"aioseo_notices":[],"_links":{"self":[{"href":"https:\/\/www.sisustusvimma.fi\/en\/wp-json\/wp\/v2\/pages\/4319","targetHints":{"allow":["GET"]}}],"collection":[{"href":"https:\/\/www.sisustusvimma.fi\/en\/wp-json\/wp\/v2\/pages"}],"about":[{"href":"https:\/\/www.sisustusvimma.fi\/en\/wp-json\/wp\/v2\/types\/page"}],"author":[{"embeddable":true,"href":"https:\/\/www.sisustusvimma.fi\/en\/wp-json\/wp\/v2\/users\/1"}],"replies":[{"embeddable":true,"href":"https:\/\/www.sisustusvimma.fi\/en\/wp-json\/wp\/v2\/comments?post=4319"}],"version-history":[{"count":34,"href":"https:\/\/www.sisustusvimma.fi\/en\/wp-json\/wp\/v2\/pages\/4319\/revisions"}],"predecessor-version":[{"id":5609,"href":"https:\/\/www.sisustusvimma.fi\/en\/wp-json\/wp\/v2\/pages\/4319\/revisions\/5609"}],"wp:attachment":[{"href":"https:\/\/www.sisustusvimma.fi\/en\/wp-json\/wp\/v2\/media?parent=4319"}],"curies":[{"name":"wp","href":"https:\/\/api.w.org\/{rel}","templated":true}]}}